{"id":16722,"date":"2021-08-06T09:21:11","date_gmt":"2021-08-06T09:21:11","guid":{"rendered":"http:\/\/damapicta.com\/?page_id=16722"},"modified":"2021-11-29T11:53:44","modified_gmt":"2021-11-29T11:53:44","slug":"tempistiche","status":"publish","type":"page","link":"https:\/\/damapicta.com\/index.php\/tempistiche\/","title":{"rendered":"tempistiche"},"content":{"rendered":"\t\t<div data-elementor-type=\"wp-page\" data-elementor-id=\"16722\" class=\"elementor elementor-16722\" data-elementor-post-type=\"page\">\n\t\t\t\t\t\t<section class=\"elementor-section elementor-top-section elementor-element elementor-element-c0bfd43 elementor-section-full_width elementor-section-stretched elementor-section-height-default elementor-section-height-default\" data-id=\"c0bfd43\" data-element_type=\"section\" data-e-type=\"section\" data-settings=\"{&quot;stretch_section&quot;:&quot;section-stretched&quot;}\">\n\t\t\t\t\t\t<div class=\"elementor-container elementor-column-gap-no\">\n\t\t\t\t\t<div class=\"elementor-column elementor-col-100 elementor-top-column elementor-element elementor-element-306d6e7\" data-id=\"306d6e7\" data-element_type=\"column\" data-e-type=\"column\">\n\t\t\t<div class=\"elementor-widget-wrap elementor-element-populated\">\n\t\t\t\t\t\t<div class=\"elementor-element elementor-element-5238a75 elementor-widget elementor-widget-image\" data-id=\"5238a75\" data-element_type=\"widget\" data-e-type=\"widget\" data-widget_type=\"image.default\">\n\t\t\t\t<div class=\"elementor-widget-container\">\n\t\t\t\t\t\t\t\t\t\t\t\t\t\t\t<img fetchpriority=\"high\" decoding=\"async\" width=\"2000\" height=\"359\" src=\"https:\/\/damapicta.com\/wp-content\/uploads\/2021\/02\/1080345.jpg\" class=\"attachment-full size-full wp-image-15489\" alt=\"\" srcset=\"https:\/\/damapicta.com\/wp-content\/uploads\/2021\/02\/1080345.jpg 2000w, https:\/\/damapicta.com\/wp-content\/uploads\/2021\/02\/1080345-300x54.jpg 300w, https:\/\/damapicta.com\/wp-content\/uploads\/2021\/02\/1080345-1024x184.jpg 1024w, https:\/\/damapicta.com\/wp-content\/uploads\/2021\/02\/1080345-768x138.jpg 768w, https:\/\/damapicta.com\/wp-content\/uploads\/2021\/02\/1080345-1536x276.jpg 1536w\" sizes=\"(max-width: 2000px) 100vw, 2000px\" \/>\t\t\t\t\t\t\t\t\t\t\t\t\t\t\t<\/div>\n\t\t\t\t<\/div>\n\t\t\t\t\t<\/div>\n\t\t<\/div>\n\t\t\t\t\t<\/div>\n\t\t<\/section>\n\t\t\t\t<section class=\"elementor-section elementor-top-section elementor-element elementor-element-28381a5 elementor-section-boxed elementor-section-height-default elementor-section-height-default\" data-id=\"28381a5\" data-element_type=\"section\" data-e-type=\"section\" data-settings=\"{&quot;background_background&quot;:&quot;classic&quot;}\">\n\t\t\t\t\t\t<div class=\"elementor-container elementor-column-gap-default\">\n\t\t\t\t\t<div class=\"elementor-column elementor-col-100 elementor-top-column elementor-element elementor-element-87d852d\" data-id=\"87d852d\" data-element_type=\"column\" data-e-type=\"column\">\n\t\t\t<div class=\"elementor-widget-wrap elementor-element-populated\">\n\t\t\t\t\t\t<div class=\"elementor-element elementor-element-ea5bd93 elementor-widget elementor-widget-heading\" data-id=\"ea5bd93\" data-element_type=\"widget\" data-e-type=\"widget\" data-widget_type=\"heading.default\">\n\t\t\t\t<div class=\"elementor-widget-container\">\n\t\t\t\t\t<h2 class=\"elementor-heading-title elementor-size-default\">Spedizioni<\/h2>\t\t\t\t<\/div>\n\t\t\t\t<\/div>\n\t\t\t\t<div class=\"elementor-element elementor-element-aa1e202 elementor-widget elementor-widget-text-editor\" data-id=\"aa1e202\" data-element_type=\"widget\" data-e-type=\"widget\" data-widget_type=\"text-editor.default\">\n\t\t\t\t<div class=\"elementor-widget-container\">\n\t\t\t\t\t\t\t\t\t<p>Le spese di spedizione in Italia sono sempre a carico di Dama Picta.<\/p><p>(Su Roma c&#8217;\u00e8 la possibilit\u00e0 di accordarsi per la consegna a mano)<\/p>\t\t\t\t\t\t\t\t<\/div>\n\t\t\t\t<\/div>\n\t\t\t\t<div class=\"elementor-element elementor-element-2238bc4 elementor-widget elementor-widget-heading\" data-id=\"2238bc4\" data-element_type=\"widget\" data-e-type=\"widget\" data-widget_type=\"heading.default\">\n\t\t\t\t<div class=\"elementor-widget-container\">\n\t\t\t\t\t<h2 class=\"elementor-heading-title elementor-size-default\">Attese e tempistiche<\/h2>\t\t\t\t<\/div>\n\t\t\t\t<\/div>\n\t\t\t\t<div class=\"elementor-element elementor-element-523fcc9 elementor-widget elementor-widget-text-editor\" data-id=\"523fcc9\" data-element_type=\"widget\" data-e-type=\"widget\" data-widget_type=\"text-editor.default\">\n\t\t\t\t<div class=\"elementor-widget-container\">\n\t\t\t\t\t\t\t\t\t<p>Ogni DAMA PICTA \u00e8 realizzato su prenotazione, quindi la produzione parte dal momento della vostra richiesta.<br \/>Ciascuna cornice in metallo \u00e8 lavorata a mano e, per ritardare il processo di ossidazione, prevede un trattamento protettivo che richiede un tempo di asciugatura. Su questa cornice viene poi applicata la Dama con uno strato di resina da lasciare asciugare per minimo 24 ore. Il gioiello viene completato con i componenti e le pietre dure.<\/p><p>Per realizzare ogni pezzo occorrono circa <strong>7-10 giorni<\/strong> lavorativi, salvo imprevisti dovuti alle forniture di materiali e\/o problematiche legate ai corrieri.<\/p><p><strong>Se desiderate un gioiello per una data precisa, contattatemi direttamente per accordarci sui tempi.<\/strong><\/p>\t\t\t\t\t\t\t\t<\/div>\n\t\t\t\t<\/div>\n\t\t\t\t\t<\/div>\n\t\t<\/div>\n\t\t\t\t\t<\/div>\n\t\t<\/section>\n\t\t\t\t<\/div>\n\t\t","protected":false},"excerpt":{"rendered":"<p>Spedizioni Le spese di spedizione in Italia sono sempre a carico di Dama Picta. (Su Roma c&#8217;\u00e8 la possibilit\u00e0 di accordarsi per la consegna a mano) Attese e tempistiche Ogni DAMA PICTA \u00e8 realizzato su prenotazione, quindi la produzione parte dal momento della vostra richiesta.Ciascuna cornice in metallo \u00e8 lavorata a mano e, per ritardare [&hellip;]<\/p>\n","protected":false},"author":1,"featured_media":0,"parent":0,"menu_order":0,"comment_status":"closed","ping_status":"closed","template":"","meta":{"iawp_total_views":16,"footnotes":""},"class_list":["post-16722","page","type-page","status-publish","hentry"],"_links":{"self":[{"href":"https:\/\/damapicta.com\/index.php\/wp-json\/wp\/v2\/pages\/16722","targetHints":{"allow":["GET"]}}],"collection":[{"href":"https:\/\/damapicta.com\/index.php\/wp-json\/wp\/v2\/pages"}],"about":[{"href":"https:\/\/damapicta.com\/index.php\/wp-json\/wp\/v2\/types\/page"}],"author":[{"embeddable":true,"href":"https:\/\/damapicta.com\/index.php\/wp-json\/wp\/v2\/users\/1"}],"replies":[{"embeddable":true,"href":"https:\/\/damapicta.com\/index.php\/wp-json\/wp\/v2\/comments?post=16722"}],"version-history":[{"count":190,"href":"https:\/\/damapicta.com\/index.php\/wp-json\/wp\/v2\/pages\/16722\/revisions"}],"predecessor-version":[{"id":23376,"href":"https:\/\/damapicta.com\/index.php\/wp-json\/wp\/v2\/pages\/16722\/revisions\/23376"}],"wp:attachment":[{"href":"https:\/\/damapicta.com\/index.php\/wp-json\/wp\/v2\/media?parent=16722"}],"curies":[{"name":"wp","href":"https:\/\/api.w.org\/{rel}","templated":true}]}}